{"id":302,"date":"2024-08-27T16:09:14","date_gmt":"2024-08-27T14:09:14","guid":{"rendered":"https:\/\/palentinadepapel.com\/?page_id=302"},"modified":"2024-08-27T16:14:42","modified_gmt":"2024-08-27T14:14:42","slug":"politica-de-cookies","status":"publish","type":"page","link":"https:\/\/palentinadepapel.com\/en\/politica-de-cookies\/","title":{"rendered":"Pol\u00edtica de cookies"},"content":{"rendered":"<p>[et_pb_section fb_built=\u00bb1&#8243; admin_label=\u00bbAbout\u00bb _builder_version=\u00bb4.16&#8243; custom_padding=\u00bb||||false|false\u00bb global_colors_info=\u00bb{}\u00bb theme_builder_area=\u00bbpost_content\u00bb][et_pb_row _builder_version=\u00bb4.16&#8243; global_colors_info=\u00bb{}\u00bb theme_builder_area=\u00bbpost_content\u00bb][et_pb_column type=\u00bb4_4&#8243; _builder_version=\u00bb4.16&#8243; global_colors_info=\u00bb{}\u00bb theme_builder_area=\u00bbpost_content\u00bb][et_pb_text _builder_version=\u00bb4.22.1&#8243; header_font=\u00bbKanit|500|||||||\u00bb header_font_size=\u00bb3vw\u00bb header_line_height=\u00bb1.1em\u00bb text_orientation=\u00bbcenter\u00bb background_layout=\u00bbdark\u00bb max_width=\u00bb795px\u00bb module_alignment=\u00bbcenter\u00bb header_font_size_tablet=\u00bb42px\u00bb header_font_size_phone=\u00bb36px\u00bb header_font_size_last_edited=\u00bbon|desktop\u00bb global_colors_info=\u00bb{}\u00bb theme_builder_area=\u00bbpost_content\u00bb text_font_size=\u00bb13px\u00bb hover_enabled=\u00bb0&#8243; sticky_enabled=\u00bb0&#8243;]<\/p>\n<h1><span style=\"color: #1555dd;\">Pol\u00edtica de cookies<\/span><\/h1>\n<p>[\/et_pb_text][\/et_pb_column][\/et_pb_row][et_pb_row _builder_version=\u00bb4.22.1&#8243; _module_preset=\u00bbdefault\u00bb global_colors_info=\u00bb{}\u00bb theme_builder_area=\u00bbpost_content\u00bb][et_pb_column type=\u00bb4_4&#8243; _builder_version=\u00bb4.22.1&#8243; _module_preset=\u00bbdefault\u00bb global_colors_info=\u00bb{}\u00bb theme_builder_area=\u00bbpost_content\u00bb][et_pb_text _builder_version=\u00bb4.22.1&#8243; _module_preset=\u00bbdefault\u00bb text_font=\u00bbKanit||||||||\u00bb text_text_color=\u00bb#000000&#8243; global_colors_info=\u00bb{}\u00bb theme_builder_area=\u00bbpost_content\u00bb hover_enabled=\u00bb0&#8243; sticky_enabled=\u00bb0&#8243;]<\/p>\n<p>Objeto<\/p>\n<p>El objeto de la presente pol\u00edtica es informar del uso de cookies en este sitio web de acuerdo con lo establecido en la legislaci\u00f3n de los servicios de la sociedad de la informaci\u00f3n y de comercio electr\u00f3nico.<\/p>\n<p><strong>\u00bfQu\u00e9 son las Cookies y para qu\u00e9 se utilizan?<\/strong><\/p>\n<p>Las cookies, son ficheros o archivos de texto que un servidor web genera y almacena en el ordenador\/smartphone\/tablet (en adelante equipo) de un Usuario al acceder a determinadas p\u00e1ginas web, para almacenar y recuperar informaci\u00f3n sobre la navegaci\u00f3n que realiza el usuario desde dicho equipo. Tambi\u00e9n pueden consistir en un c\u00f3digo que permite identificar al Usuario inequ\u00edvocamente durante su navegaci\u00f3n. Por ello las cookies pueden almacenar informaci\u00f3n sobre el equipo de un Usuario o sobre sus sesiones de navegaci\u00f3n de los sitios web que ha visitado, tal como p\u00e1gina que visita, el tiempo de conexi\u00f3n a Internet, y otros datos seg\u00fan el tipo de cookie.<\/p>\n<p>En definitiva, el uso de cookies en la navegaci\u00f3n a trav\u00e9s del sitio web permite obtener informaci\u00f3n relativa a la navegaci\u00f3n de los usuarios; mejorar la experiencia del usuario en la navegaci\u00f3n; recoger las estad\u00edsticas de uso del sitio web por el Usuario y otras informaciones como el navegador empleado por el Usuario, el n\u00famero de p\u00e1ginas visitadas, el n\u00famero de visitas, el rastreo de los movimientos que hace el Usuario por un sitio web, el tiempo que permanece en el sitio web o en una p\u00e1gina concreta, el llenado o vaciado de la cesta de la compra, y otras informaciones; geolocalizar al Usuario mediante la geolocalizaci\u00f3n del dispositivo conectado (informaci\u00f3n sobre la regi\u00f3n y, potencialmente, datos de la localidad en algunos pa\u00edses); medir la efectividad de sus campa\u00f1as de correo electr\u00f3nico y mejorar las caracter\u00edsticas del servicio para segmentos espec\u00edficos de los usuarios y especialmente de los suscriptores de la recepci\u00f3n de comunicaciones electr\u00f3nicas comerciales publicitarias y boletines; conocer si los receptores de comunicaciones electr\u00f3nicas comerciales publicitarias y boletines han procedido a la apertura de dichas comunicaciones y el uso de los enlaces contenidos en los mismos para cada uno de los destinatarios, tal como la pulsaci\u00f3n de los enlaces contenidos en los correos, y poder elaborar con la informaci\u00f3n recabada informes de seguimiento de las campa\u00f1as.<\/p>\n<p>Este sitio web utiliza cookies, tanto propias como de terceros. M\u00e1s adelante el Usuario puede encontrar informaci\u00f3n concreta sobre las mismas.<\/p>\n<p>\u00bfC\u00f3mo se autoriza el uso de las cookies en nuestro sitio web?<\/p>\n<p>En relaci\u00f3n con el uso de cookies en este sitio web, el Usuario debe saber que nos autoriza y consiente el uso de cookies de la siguiente forma:<\/p>\n<ul>\n<li>Acepta el uso de las cookies utilizadas en este sitio web para las finalidades indicadas en esta pol\u00edtica seleccionando la opci\u00f3n deseada y pulsando sobre el bot\u00f3n \u201cAceptar selecci\u00f3n\u201d o para aceptar todas las cookies haciendo clic sobre el bot\u00f3n \u201cAceptar todo\u201d que se publican en la primera capa de informaci\u00f3n.<\/li>\n<\/ul>\n<p>En todo caso, pese a la aceptaci\u00f3n inicial de uso de las cookies en la navegaci\u00f3n a trav\u00e9s de nuestro sitio web, en cualquier momento el Usuario puede revocar su consentimiento, deshabilitando y rechazando su utilizaci\u00f3n, seg\u00fan se explica en el apartado correspondiente de esta pol\u00edtica, o haciendo clic sobre el bot\u00f3n Cookies al pie de cada p\u00e1gina.<\/p>\n<p>En todo caso, el Usuario tiene el control sobre las cookies, pues est\u00e1n almacenadas en el navegador de los equipos que utilizan. Por tanto, en cualquier momento el Usuario podr\u00e1 leerlas, filtrarlas, rechazarlas y eliminarlas.<\/p>\n<p><strong>\u00bfCu\u00e1les son las cookies de terceros utilizadas y la finalidad de uso en el sitio web?<\/strong><\/p>\n<table border=\"1\" cellspacing=\"3\" cellpadding=\"0\">\n<thead>\n<tr>\n<td>\n<p align=\"center\"><strong>Soluci\u00f3n de Terceros<\/strong><\/p>\n<\/td>\n<td>\n<p align=\"center\"><strong>Tipo\/Prop\u00f3sito<\/strong><\/p>\n<\/td>\n<td>\n<p align=\"center\"><strong>Proveedor<\/strong><\/p>\n<\/td>\n<\/tr>\n<\/thead>\n<tbody>\n<tr>\n<td><strong>Google Analytics<\/strong><\/td>\n<td>Ubicaci\u00f3n: Google Maps proporciona un servicio de mapas. Registra el origen del usuario y las keywords utilizadas. Genera un prefijo \u00fanico con fines anal\u00edticos. Anal\u00edticas: Google proporciona datos an\u00f3nimos sobre las visitas a la p\u00e1gina web. V\u00eddeos: Youtube permite la subida y visualizaci\u00f3n de v\u00eddeos. Utiliza cookies para medir las visualizaciones o registrar eventos. Interacci\u00f3n Social: Google permite que la informaci\u00f3n de la WEB sea compartida en su red social Google +<\/td>\n<td>Google Inc.<\/td>\n<\/tr>\n<tr>\n<td><strong>Add to any<\/strong><\/td>\n<td>Interacci\u00f3n social: Permite que la web sea compartida en redes sociales.<\/td>\n<td>AddToAny<\/td>\n<\/tr>\n<tr>\n<td><strong>AddThis<\/strong><\/td>\n<td>Herramientas Web. Interacci\u00f3n social. Addthis permite que la web sea compartida en redes sociales como Google+, Facebook, etc.<\/td>\n<td>Oracle Inc.<\/td>\n<\/tr>\n<tr>\n<td><strong>Adobe Omniture<\/strong><\/td>\n<td>Anal\u00edticas: Omniture proporciona datos an\u00f3nimos sobre las visitas a nuestra web y nos permite hacer pruebas y evaluar la mejor manera de presentar la web a nuestros usuarios.<\/td>\n<td>Adobe Systems Incorporated<\/td>\n<\/tr>\n<tr>\n<td><strong>YouTube<\/strong><\/td>\n<td>Web Video<\/td>\n<td>Google Inc.<\/td>\n<\/tr>\n<tr>\n<td><strong>Facebook<\/strong><\/td>\n<td>Facebook Like, Comments, Feed<\/td>\n<td>Facebook Inc.<\/td>\n<\/tr>\n<tr>\n<td><strong>Twitter<\/strong><\/td>\n<td>Follow Us<\/td>\n<td>Facebook Inc.<\/td>\n<\/tr>\n<\/tbody>\n<\/table>\n<p><strong>\u00bfC\u00f3mo se puede rechazar, desactivar y eliminar las cookies utilizadas en nuestro sitio web?<\/strong><\/p>\n<p>El Usuario tiene la opci\u00f3n de impedir o rechazar el uso de cookies, desactivar y eliminarlas en cualquier momento respecto de su navegaci\u00f3n por este sitio web.<\/p>\n<p>La mayor\u00eda de los navegadores web permite gestionar, en cualquier momento, las preferencias del Usuario sobre el uso de las Cookies. El Usuario puede ajustar su navegador para que rechace Cookies o elimine determinadas Cookies seg\u00fan su criterio.<\/p>\n<p>Para la configuraci\u00f3n de nuestras Cookies (permitir, bloquear o eliminar las Cookies) y las de terceros el Usuario puede hacerlo mediante la configuraci\u00f3n de las opciones del navegador\u00a0instalado en su ordenador.<\/p>\n<p><strong>Firefox\u00a0<\/strong>\u00a0<a href=\"https:\/\/support.mozilla.org\/es\/kb\/Deshabilitar%20cookies%20de%20terceros\" data-track-event=\"click\" data-track-action=\"link_clicked\">https:\/\/support.mozilla.org\/es\/kb\/Deshabilitar%20c\u2026<\/a><\/p>\n<p><strong>Chrome\u00a0<\/strong>\u00a0<a href=\"http:\/\/support.google.com\/chrome\/bin\/answer.py?hl=es&amp;answer=95647\" data-track-event=\"click\" data-track-action=\"link_clicked\">http:\/\/support.google.com\/chrome\/bin\/answer.py?hl=\u2026<\/a><\/p>\n<p><strong>Internet Explorer\u00a0<\/strong>\u00a0<a href=\"https:\/\/support.microsoft.com\/es-es\/help\/17442\/windows-internet-explorer-delete-manage-cookies\" data-track-event=\"click\" data-track-action=\"link_clicked\">https:\/\/support.microsoft.com\/es-es\/help\/1744\u2026<\/a><\/p>\n<p><strong>Safari -&gt;\u00a0<\/strong><a href=\"https:\/\/support.apple.com\/es-es\/guide\/safari\/sfri11471\/mac\" data-track-event=\"click\" data-track-action=\"link_clicked\">https:\/\/support.apple.com\/es-es\/guide\/safari\/sfri11471\/mac<\/a><strong><br \/><\/strong><br \/><strong>Opera\u00a0<\/strong>\u00a0<a href=\"http:\/\/help.opera.com\/Windows\/11.50\/es-ES\/cookies.html\" data-track-event=\"click\" data-track-action=\"link_clicked\">http:\/\/help.opera.com\/Windows\/11.50\/es-ES\/cookies\u2026.<\/a><\/p>\n<p>El Usuario puede revocar su consentimiento para el uso de cookies en su navegador a trav\u00e9s de las indicaciones anteriores (navegadores normalmente m\u00e1s utilizados).<\/p>\n<p>Para deshabilitar cookies y dispositivos de almacenamiento y recuperaci\u00f3n de datos individualmente se puede instalar en el navegador la extensi\u00f3n \u201cGhostery\u201d.<\/p>\n<p>El Usuario debe tener en cuenta que algunas caracter\u00edsticas de los contenidos de este sitio web solo est\u00e1n disponibles si se permite la instalaci\u00f3n de Cookies en su navegador. Si decide no aceptar o bloquear determinadas Cookies (en funci\u00f3n de su finalidad), puede que esto afecte, total o parcialmente, al funcionamiento normal de la p\u00e1gina web o que impida el acceso a algunos servicios de esta.<\/p>\n<p><strong>Actualizaciones y cambios en la Pol\u00edtica de cookies.<\/strong><\/p>\n<p>El responsable puede modificar esta Pol\u00edtica de Cookies en funci\u00f3n de cambios en el uso de Cookies en su sitio web, de nuevas exigencias legislativas, reglamentarias, o con la finalidad de adaptar dicha pol\u00edtica a las instrucciones dictadas por las autoridades de control, en concreto, la Agencia Espa\u00f1ola de Protecci\u00f3n de Datos.<\/p>\n<p>Es posible por tanto que se produzcan cambios significativos en esta Pol\u00edtica de Cookies los cuales ser\u00e1n publicados en la misma. Pero ser\u00e1 responsabilidad del Usuario acceder a esta Pol\u00edtica de forma peri\u00f3dica para conocer cualquier cambio, sin perjuicio de la posibilidad de comunicar a los usuarios del sitio web dichos cambios mediante un aviso informativo en nuestro sitio web y\/o a trav\u00e9s de otros medios.<\/p>\n<p>[\/et_pb_text][\/et_pb_column][\/et_pb_row][\/et_pb_section]<\/p>","protected":false},"excerpt":{"rendered":"<p>Pol\u00edtica de cookiesObjeto El objeto de la presente pol\u00edtica es informar del uso de cookies en este sitio web de acuerdo con lo establecido en la legislaci\u00f3n de los servicios de la sociedad de la informaci\u00f3n y de comercio electr\u00f3nico. \u00bfQu\u00e9 son las Cookies y para qu\u00e9 se utilizan? Las cookies, son ficheros o archivos [&hellip;]<\/p>","protected":false},"author":1,"featured_media":0,"parent":0,"menu_order":0,"comment_status":"closed","ping_status":"closed","template":"","meta":{"_et_pb_use_builder":"on","_et_pb_old_content":"","_et_gb_content_width":"","footnotes":""},"class_list":["post-302","page","type-page","status-publish","hentry"],"yoast_head":"<!-- This site is optimized with the Yoast SEO plugin v26.4 - https:\/\/yoast.com\/wordpress\/plugins\/seo\/ -->\n<title>Pol\u00edtica de cookies - Palentina de Papel<\/title>\n<meta name=\"robots\" content=\"index, follow, max-snippet:-1, max-image-preview:large, max-video-preview:-1\" \/>\n<link rel=\"canonical\" href=\"https:\/\/palentinadepapel.com\/en\/politica-de-cookies\/\" \/>\n<meta property=\"og:locale\" content=\"en_GB\" \/>\n<meta property=\"og:type\" content=\"article\" \/>\n<meta property=\"og:title\" content=\"Pol\u00edtica de cookies - Palentina de Papel\" \/>\n<meta property=\"og:description\" content=\"Pol\u00edtica de cookiesObjeto El objeto de la presente pol\u00edtica es informar del uso de cookies en este sitio web de acuerdo con lo establecido en la legislaci\u00f3n de los servicios de la sociedad de la informaci\u00f3n y de comercio electr\u00f3nico. \u00bfQu\u00e9 son las Cookies y para qu\u00e9 se utilizan? Las cookies, son ficheros o archivos [&hellip;]\" \/>\n<meta property=\"og:url\" content=\"https:\/\/palentinadepapel.com\/en\/politica-de-cookies\/\" \/>\n<meta property=\"og:site_name\" content=\"Palentina de Papel\" \/>\n<meta property=\"article:modified_time\" content=\"2024-08-27T14:14:42+00:00\" \/>\n<meta name=\"twitter:card\" content=\"summary_large_image\" \/>\n<script type=\"application\/ld+json\" class=\"yoast-schema-graph\">{\"@context\":\"https:\/\/schema.org\",\"@graph\":[{\"@type\":\"WebPage\",\"@id\":\"https:\/\/palentinadepapel.com\/politica-de-cookies\/\",\"url\":\"https:\/\/palentinadepapel.com\/politica-de-cookies\/\",\"name\":\"Pol\u00edtica de cookies - Palentina de Papel\",\"isPartOf\":{\"@id\":\"https:\/\/palentinadepapel.com\/#website\"},\"datePublished\":\"2024-08-27T14:09:14+00:00\",\"dateModified\":\"2024-08-27T14:14:42+00:00\",\"breadcrumb\":{\"@id\":\"https:\/\/palentinadepapel.com\/politica-de-cookies\/#breadcrumb\"},\"inLanguage\":\"en-GB\",\"potentialAction\":[{\"@type\":\"ReadAction\",\"target\":[\"https:\/\/palentinadepapel.com\/politica-de-cookies\/\"]}]},{\"@type\":\"BreadcrumbList\",\"@id\":\"https:\/\/palentinadepapel.com\/politica-de-cookies\/#breadcrumb\",\"itemListElement\":[{\"@type\":\"ListItem\",\"position\":1,\"name\":\"Portada\",\"item\":\"https:\/\/palentinadepapel.com\/\"},{\"@type\":\"ListItem\",\"position\":2,\"name\":\"Pol\u00edtica de cookies\"}]},{\"@type\":\"WebSite\",\"@id\":\"https:\/\/palentinadepapel.com\/#website\",\"url\":\"https:\/\/palentinadepapel.com\/\",\"name\":\"Palentina de Papel\",\"description\":\"\",\"potentialAction\":[{\"@type\":\"SearchAction\",\"target\":{\"@type\":\"EntryPoint\",\"urlTemplate\":\"https:\/\/palentinadepapel.com\/?s={search_term_string}\"},\"query-input\":{\"@type\":\"PropertyValueSpecification\",\"valueRequired\":true,\"valueName\":\"search_term_string\"}}],\"inLanguage\":\"en-GB\"}]}<\/script>\n<!-- \/ Yoast SEO plugin. -->","yoast_head_json":{"title":"Pol\u00edtica de cookies - Palentina de Papel","robots":{"index":"index","follow":"follow","max-snippet":"max-snippet:-1","max-image-preview":"max-image-preview:large","max-video-preview":"max-video-preview:-1"},"canonical":"https:\/\/palentinadepapel.com\/en\/politica-de-cookies\/","og_locale":"en_GB","og_type":"article","og_title":"Pol\u00edtica de cookies - Palentina de Papel","og_description":"Pol\u00edtica de cookiesObjeto El objeto de la presente pol\u00edtica es informar del uso de cookies en este sitio web de acuerdo con lo establecido en la legislaci\u00f3n de los servicios de la sociedad de la informaci\u00f3n y de comercio electr\u00f3nico. \u00bfQu\u00e9 son las Cookies y para qu\u00e9 se utilizan? Las cookies, son ficheros o archivos [&hellip;]","og_url":"https:\/\/palentinadepapel.com\/en\/politica-de-cookies\/","og_site_name":"Palentina de Papel","article_modified_time":"2024-08-27T14:14:42+00:00","twitter_card":"summary_large_image","schema":{"@context":"https:\/\/schema.org","@graph":[{"@type":"WebPage","@id":"https:\/\/palentinadepapel.com\/politica-de-cookies\/","url":"https:\/\/palentinadepapel.com\/politica-de-cookies\/","name":"Pol\u00edtica de cookies - Palentina de Papel","isPartOf":{"@id":"https:\/\/palentinadepapel.com\/#website"},"datePublished":"2024-08-27T14:09:14+00:00","dateModified":"2024-08-27T14:14:42+00:00","breadcrumb":{"@id":"https:\/\/palentinadepapel.com\/politica-de-cookies\/#breadcrumb"},"inLanguage":"en-GB","potentialAction":[{"@type":"ReadAction","target":["https:\/\/palentinadepapel.com\/politica-de-cookies\/"]}]},{"@type":"BreadcrumbList","@id":"https:\/\/palentinadepapel.com\/politica-de-cookies\/#breadcrumb","itemListElement":[{"@type":"ListItem","position":1,"name":"Portada","item":"https:\/\/palentinadepapel.com\/"},{"@type":"ListItem","position":2,"name":"Pol\u00edtica de cookies"}]},{"@type":"WebSite","@id":"https:\/\/palentinadepapel.com\/#website","url":"https:\/\/palentinadepapel.com\/","name":"Palencia Paper","description":"","potentialAction":[{"@type":"SearchAction","target":{"@type":"EntryPoint","urlTemplate":"https:\/\/palentinadepapel.com\/?s={search_term_string}"},"query-input":{"@type":"PropertyValueSpecification","valueRequired":true,"valueName":"search_term_string"}}],"inLanguage":"en-GB"}]}},"_links":{"self":[{"href":"https:\/\/palentinadepapel.com\/en\/wp-json\/wp\/v2\/pages\/302","targetHints":{"allow":["GET"]}}],"collection":[{"href":"https:\/\/palentinadepapel.com\/en\/wp-json\/wp\/v2\/pages"}],"about":[{"href":"https:\/\/palentinadepapel.com\/en\/wp-json\/wp\/v2\/types\/page"}],"author":[{"embeddable":true,"href":"https:\/\/palentinadepapel.com\/en\/wp-json\/wp\/v2\/users\/1"}],"replies":[{"embeddable":true,"href":"https:\/\/palentinadepapel.com\/en\/wp-json\/wp\/v2\/comments?post=302"}],"version-history":[{"count":2,"href":"https:\/\/palentinadepapel.com\/en\/wp-json\/wp\/v2\/pages\/302\/revisions"}],"predecessor-version":[{"id":304,"href":"https:\/\/palentinadepapel.com\/en\/wp-json\/wp\/v2\/pages\/302\/revisions\/304"}],"wp:attachment":[{"href":"https:\/\/palentinadepapel.com\/en\/wp-json\/wp\/v2\/media?parent=302"}],"curies":[{"name":"wp","href":"https:\/\/api.w.org\/{rel}","templated":true}]}}