{"id":292,"date":"2024-08-27T15:49:18","date_gmt":"2024-08-27T13:49:18","guid":{"rendered":"https:\/\/palentinadepapel.com\/?page_id=292"},"modified":"2024-08-27T15:53:23","modified_gmt":"2024-08-27T13:53:23","slug":"aviso-legal","status":"publish","type":"page","link":"https:\/\/palentinadepapel.com\/en\/aviso-legal\/","title":{"rendered":"Aviso Legal"},"content":{"rendered":"<p>[et_pb_section fb_built=\u00bb1&#8243; admin_label=\u00bbAbout\u00bb _builder_version=\u00bb4.16&#8243; custom_padding=\u00bb||||false|false\u00bb global_colors_info=\u00bb{}\u00bb theme_builder_area=\u00bbpost_content\u00bb][et_pb_row _builder_version=\u00bb4.16&#8243; global_colors_info=\u00bb{}\u00bb theme_builder_area=\u00bbpost_content\u00bb][et_pb_column type=\u00bb4_4&#8243; _builder_version=\u00bb4.16&#8243; global_colors_info=\u00bb{}\u00bb theme_builder_area=\u00bbpost_content\u00bb][et_pb_text _builder_version=\u00bb4.16&#8243; header_font=\u00bbKanit|500|||||||\u00bb header_font_size=\u00bb4vw\u00bb header_line_height=\u00bb1.1em\u00bb text_orientation=\u00bbcenter\u00bb background_layout=\u00bbdark\u00bb max_width=\u00bb795px\u00bb module_alignment=\u00bbcenter\u00bb header_font_size_tablet=\u00bb42px\u00bb header_font_size_phone=\u00bb36px\u00bb header_font_size_last_edited=\u00bbon|desktop\u00bb global_colors_info=\u00bb{}\u00bb theme_builder_area=\u00bbpost_content\u00bb]<\/p>\n<h1><span style=\"color: #1555dd;\">Aviso Legal<\/span><\/h1>\n<p>[\/et_pb_text][\/et_pb_column][\/et_pb_row][et_pb_row _builder_version=\u00bb4.22.1&#8243; _module_preset=\u00bbdefault\u00bb theme_builder_area=\u00bbpost_content\u00bb][et_pb_column _builder_version=\u00bb4.22.1&#8243; _module_preset=\u00bbdefault\u00bb type=\u00bb4_4&#8243; theme_builder_area=\u00bbpost_content\u00bb][et_pb_text _builder_version=\u00bb4.22.1&#8243; _module_preset=\u00bbdefault\u00bb theme_builder_area=\u00bbpost_content\u00bb text_font=\u00bbKanit||||||||\u00bb hover_enabled=\u00bb0&#8243; sticky_enabled=\u00bb0&#8243; text_text_color=\u00bb#000000&#8243;]<\/p>\n<ol>\n<li>El titular de este sitio web es Palentina de Papel S.L., con N.I.F. B34142448, con domicilio en calle Italia, parcela 141, nave 11, 34004, Palencia.<\/li>\n<li>El acceso al site de Palentina de Papel S.L. es gratuito. Todo el contenido es propiedad intelectual de Palentina de Papel S.L. Cualquier utilizaci\u00f3n de los mismos contraria a las normas en materia de propiedad intelectual ser\u00e1 perseguida con arreglo a la legislaci\u00f3n vigente.<\/li>\n<\/ol>\n<div><\/div>\n<p>[\/et_pb_text][\/et_pb_column][\/et_pb_row][\/et_pb_section]<\/p>","protected":false},"excerpt":{"rendered":"<p>Aviso Legal El titular de este sitio web es Palentina de Papel S.L., con N.I.F. B34142448, con domicilio en calle Italia, parcela 141, nave 11, 34004, Palencia. El acceso al site de Palentina de Papel S.L. es gratuito. Todo el contenido es propiedad intelectual de Palentina de Papel S.L. Cualquier utilizaci\u00f3n de los mismos contraria [&hellip;]<\/p>","protected":false},"author":1,"featured_media":0,"parent":0,"menu_order":0,"comment_status":"closed","ping_status":"closed","template":"","meta":{"_et_pb_use_builder":"on","_et_pb_old_content":"","_et_gb_content_width":"","footnotes":""},"class_list":["post-292","page","type-page","status-publish","hentry"],"yoast_head":"<!-- This site is optimized with the Yoast SEO plugin v26.4 - https:\/\/yoast.com\/wordpress\/plugins\/seo\/ -->\n<title>Aviso Legal - Palentina de Papel<\/title>\n<meta name=\"robots\" content=\"index, follow, max-snippet:-1, max-image-preview:large, max-video-preview:-1\" \/>\n<link rel=\"canonical\" href=\"https:\/\/palentinadepapel.com\/en\/aviso-legal\/\" \/>\n<meta property=\"og:locale\" content=\"en_GB\" \/>\n<meta property=\"og:type\" content=\"article\" \/>\n<meta property=\"og:title\" content=\"Aviso Legal - Palentina de Papel\" \/>\n<meta property=\"og:description\" content=\"Aviso Legal El titular de este sitio web es Palentina de Papel S.L., con N.I.F. B34142448, con domicilio en calle Italia, parcela 141, nave 11, 34004, Palencia. El acceso al site de Palentina de Papel S.L. es gratuito. Todo el contenido es propiedad intelectual de Palentina de Papel S.L. Cualquier utilizaci\u00f3n de los mismos contraria [&hellip;]\" \/>\n<meta property=\"og:url\" content=\"https:\/\/palentinadepapel.com\/en\/aviso-legal\/\" \/>\n<meta property=\"og:site_name\" content=\"Palentina de Papel\" \/>\n<meta property=\"article:modified_time\" content=\"2024-08-27T13:53:23+00:00\" \/>\n<meta name=\"twitter:card\" content=\"summary_large_image\" \/>\n<script type=\"application\/ld+json\" class=\"yoast-schema-graph\">{\"@context\":\"https:\/\/schema.org\",\"@graph\":[{\"@type\":\"WebPage\",\"@id\":\"https:\/\/palentinadepapel.com\/aviso-legal\/\",\"url\":\"https:\/\/palentinadepapel.com\/aviso-legal\/\",\"name\":\"Aviso Legal - Palentina de Papel\",\"isPartOf\":{\"@id\":\"https:\/\/palentinadepapel.com\/#website\"},\"datePublished\":\"2024-08-27T13:49:18+00:00\",\"dateModified\":\"2024-08-27T13:53:23+00:00\",\"breadcrumb\":{\"@id\":\"https:\/\/palentinadepapel.com\/aviso-legal\/#breadcrumb\"},\"inLanguage\":\"en-GB\",\"potentialAction\":[{\"@type\":\"ReadAction\",\"target\":[\"https:\/\/palentinadepapel.com\/aviso-legal\/\"]}]},{\"@type\":\"BreadcrumbList\",\"@id\":\"https:\/\/palentinadepapel.com\/aviso-legal\/#breadcrumb\",\"itemListElement\":[{\"@type\":\"ListItem\",\"position\":1,\"name\":\"Portada\",\"item\":\"https:\/\/palentinadepapel.com\/\"},{\"@type\":\"ListItem\",\"position\":2,\"name\":\"Aviso Legal\"}]},{\"@type\":\"WebSite\",\"@id\":\"https:\/\/palentinadepapel.com\/#website\",\"url\":\"https:\/\/palentinadepapel.com\/\",\"name\":\"Palentina de Papel\",\"description\":\"\",\"potentialAction\":[{\"@type\":\"SearchAction\",\"target\":{\"@type\":\"EntryPoint\",\"urlTemplate\":\"https:\/\/palentinadepapel.com\/?s={search_term_string}\"},\"query-input\":{\"@type\":\"PropertyValueSpecification\",\"valueRequired\":true,\"valueName\":\"search_term_string\"}}],\"inLanguage\":\"en-GB\"}]}<\/script>\n<!-- \/ Yoast SEO plugin. -->","yoast_head_json":{"title":"Aviso Legal - Palentina de Papel","robots":{"index":"index","follow":"follow","max-snippet":"max-snippet:-1","max-image-preview":"max-image-preview:large","max-video-preview":"max-video-preview:-1"},"canonical":"https:\/\/palentinadepapel.com\/en\/aviso-legal\/","og_locale":"en_GB","og_type":"article","og_title":"Aviso Legal - Palentina de Papel","og_description":"Aviso Legal El titular de este sitio web es Palentina de Papel S.L., con N.I.F. B34142448, con domicilio en calle Italia, parcela 141, nave 11, 34004, Palencia. El acceso al site de Palentina de Papel S.L. es gratuito. Todo el contenido es propiedad intelectual de Palentina de Papel S.L. Cualquier utilizaci\u00f3n de los mismos contraria [&hellip;]","og_url":"https:\/\/palentinadepapel.com\/en\/aviso-legal\/","og_site_name":"Palentina de Papel","article_modified_time":"2024-08-27T13:53:23+00:00","twitter_card":"summary_large_image","schema":{"@context":"https:\/\/schema.org","@graph":[{"@type":"WebPage","@id":"https:\/\/palentinadepapel.com\/aviso-legal\/","url":"https:\/\/palentinadepapel.com\/aviso-legal\/","name":"Aviso Legal - Palentina de Papel","isPartOf":{"@id":"https:\/\/palentinadepapel.com\/#website"},"datePublished":"2024-08-27T13:49:18+00:00","dateModified":"2024-08-27T13:53:23+00:00","breadcrumb":{"@id":"https:\/\/palentinadepapel.com\/aviso-legal\/#breadcrumb"},"inLanguage":"en-GB","potentialAction":[{"@type":"ReadAction","target":["https:\/\/palentinadepapel.com\/aviso-legal\/"]}]},{"@type":"BreadcrumbList","@id":"https:\/\/palentinadepapel.com\/aviso-legal\/#breadcrumb","itemListElement":[{"@type":"ListItem","position":1,"name":"Portada","item":"https:\/\/palentinadepapel.com\/"},{"@type":"ListItem","position":2,"name":"Aviso Legal"}]},{"@type":"WebSite","@id":"https:\/\/palentinadepapel.com\/#website","url":"https:\/\/palentinadepapel.com\/","name":"Palencia Paper","description":"","potentialAction":[{"@type":"SearchAction","target":{"@type":"EntryPoint","urlTemplate":"https:\/\/palentinadepapel.com\/?s={search_term_string}"},"query-input":{"@type":"PropertyValueSpecification","valueRequired":true,"valueName":"search_term_string"}}],"inLanguage":"en-GB"}]}},"_links":{"self":[{"href":"https:\/\/palentinadepapel.com\/en\/wp-json\/wp\/v2\/pages\/292","targetHints":{"allow":["GET"]}}],"collection":[{"href":"https:\/\/palentinadepapel.com\/en\/wp-json\/wp\/v2\/pages"}],"about":[{"href":"https:\/\/palentinadepapel.com\/en\/wp-json\/wp\/v2\/types\/page"}],"author":[{"embeddable":true,"href":"https:\/\/palentinadepapel.com\/en\/wp-json\/wp\/v2\/users\/1"}],"replies":[{"embeddable":true,"href":"https:\/\/palentinadepapel.com\/en\/wp-json\/wp\/v2\/comments?post=292"}],"version-history":[{"count":4,"href":"https:\/\/palentinadepapel.com\/en\/wp-json\/wp\/v2\/pages\/292\/revisions"}],"predecessor-version":[{"id":298,"href":"https:\/\/palentinadepapel.com\/en\/wp-json\/wp\/v2\/pages\/292\/revisions\/298"}],"wp:attachment":[{"href":"https:\/\/palentinadepapel.com\/en\/wp-json\/wp\/v2\/media?parent=292"}],"curies":[{"name":"wp","href":"https:\/\/api.w.org\/{rel}","templated":true}]}}